{"id":8,"date":"2024-09-02T13:22:42","date_gmt":"2024-09-02T13:22:42","guid":{"rendered":"https:\/\/uj.baranyaelektro.hu\/?page_id=8"},"modified":"2025-04-14T14:20:48","modified_gmt":"2025-04-14T12:20:48","slug":"kapcsolat","status":"publish","type":"page","link":"https:\/\/baranyaelektro.hu\/index.php\/kapcsolat\/","title":{"rendered":"Kapcsolat"},"content":{"rendered":"<div id=\"kapcsolat\" class=\"col-xl-4\">\n<ul class=\"list-group\">\n<li class=\"list-group-item\"><strong>C\u00e9gn\u00e9v:\u00a0<\/strong>BaranyaElektro Kft.<\/li>\n<li class=\"list-group-item\"><strong>Ad\u00f3sz\u00e1m:\u00a0<\/strong>32176452-2-02<\/li>\n<li class=\"list-group-item\"><strong>C\u00e9gjegyz\u00e9ksz\u00e1m:\u00a0<\/strong>02-09-087353<\/li>\n<li class=\"list-group-item\"><strong>E-mail (aj\u00e1nlatk\u00e9r\u00e9s):<\/strong><br \/>\n<a href=\"mailto:info@baranyaelektro.hu\" target=\"_blank\" rel=\"noopener\">info [kukac] baranyaelektro.hu<\/a><\/li>\n<li class=\"list-group-item\"><strong>Mobil:\u00a0<\/strong><a href=\"tel:+36301517705\">+36 30 151 7705<\/a><\/li>\n<\/ul>\n<\/div>\n<div class=\"col-xl-4\"><img loading=\"lazy\" decoding=\"async\" class=\"alignnone size-large wp-image-46\" src=\"https:\/\/baranyaelektro.hu\/wp-content\/uploads\/2024\/09\/tanusitvany-1024x768.jpg\" alt=\"\" width=\"640\" height=\"480\" srcset=\"https:\/\/baranyaelektro.hu\/wp-content\/uploads\/2024\/09\/tanusitvany-1024x768.jpg 1024w, https:\/\/baranyaelektro.hu\/wp-content\/uploads\/2024\/09\/tanusitvany-300x225.jpg 300w, https:\/\/baranyaelektro.hu\/wp-content\/uploads\/2024\/09\/tanusitvany-768x576.jpg 768w, https:\/\/baranyaelektro.hu\/wp-content\/uploads\/2024\/09\/tanusitvany-850x638.jpg 850w, https:\/\/baranyaelektro.hu\/wp-content\/uploads\/2024\/09\/tanusitvany.jpg 1386w\" sizes=\"auto, (max-width: 640px) 100vw, 640px\" \/><\/div>\n","protected":false},"excerpt":{"rendered":"<p>C\u00e9gn\u00e9v:\u00a0BaranyaElektro Kft. Ad\u00f3sz\u00e1m:\u00a032176452-2-02 C\u00e9gjegyz\u00e9ksz\u00e1m:\u00a002-09-087353 E-mail (aj\u00e1nlatk\u00e9r\u00e9s): info [kukac] baranyaelektro.hu Mobil:\u00a0+36 30 151 7705<\/p>\n","protected":false},"author":1,"featured_media":0,"parent":0,"menu_order":0,"comment_status":"closed","ping_status":"closed","template":"","meta":{"footnotes":""},"class_list":["post-8","page","type-page","status-publish","hentry"],"_links":{"self":[{"href":"https:\/\/baranyaelektro.hu\/index.php\/wp-json\/wp\/v2\/pages\/8","targetHints":{"allow":["GET"]}}],"collection":[{"href":"https:\/\/baranyaelektro.hu\/index.php\/wp-json\/wp\/v2\/pages"}],"about":[{"href":"https:\/\/baranyaelektro.hu\/index.php\/wp-json\/wp\/v2\/types\/page"}],"author":[{"embeddable":true,"href":"https:\/\/baranyaelektro.hu\/index.php\/wp-json\/wp\/v2\/users\/1"}],"replies":[{"embeddable":true,"href":"https:\/\/baranyaelektro.hu\/index.php\/wp-json\/wp\/v2\/comments?post=8"}],"version-history":[{"count":2,"href":"https:\/\/baranyaelektro.hu\/index.php\/wp-json\/wp\/v2\/pages\/8\/revisions"}],"predecessor-version":[{"id":75,"href":"https:\/\/baranyaelektro.hu\/index.php\/wp-json\/wp\/v2\/pages\/8\/revisions\/75"}],"wp:attachment":[{"href":"https:\/\/baranyaelektro.hu\/index.php\/wp-json\/wp\/v2\/media?parent=8"}],"curies":[{"name":"wp","href":"https:\/\/api.w.org\/{rel}","templated":true}]}}